{"id":1191,"date":"2024-11-28T10:21:41","date_gmt":"2024-11-28T10:21:41","guid":{"rendered":"https:\/\/croazia-dentista.it\/eu-projekt\/"},"modified":"2025-11-03T11:02:03","modified_gmt":"2025-11-03T11:02:03","slug":"eu-projekt","status":"publish","type":"page","link":"https:\/\/croazia-dentista.it\/hr\/eu-projekt\/","title":{"rendered":"EU projekt"},"content":{"rendered":"\n<figure class=\"wp-block-image size-large\"><img loading=\"lazy\" decoding=\"async\" width=\"1024\" height=\"289\" src=\"https:\/\/croazia-dentista.it\/wp-content\/uploads\/2024\/11\/EU-logo-1024x289.png\" alt=\"\" class=\"wp-image-953\" srcset=\"https:\/\/croazia-dentista.it\/wp-content\/uploads\/2024\/11\/EU-logo-1024x289.png 1024w, https:\/\/croazia-dentista.it\/wp-content\/uploads\/2024\/11\/EU-logo-300x85.png 300w, https:\/\/croazia-dentista.it\/wp-content\/uploads\/2024\/11\/EU-logo-768x217.png 768w, https:\/\/croazia-dentista.it\/wp-content\/uploads\/2024\/11\/EU-logo-350x100.png 350w, https:\/\/croazia-dentista.it\/wp-content\/uploads\/2024\/11\/EU-logo.png 1536w\" sizes=\"auto, (max-width: 1024px) 100vw, 1024px\" \/><\/figure>\n\n\n\n<h4 class=\"wp-block-heading has-text-align-center\" style=\"color: #003399 !important\">\u201e<em>Financira Europska unija \u2013 NextGenerationEU<\/em>\u201d<\/h4>\n\n\n\n<p>Naziv poziva: Vau\u010deri za digitalizaciju, NPOO.C1.1.2. R3.-I2.02. Vau\u010der za digitalni marketing<br>Broj projekta: NPOO.C1.1.2.R3-I2.01-V11.0092<br>Naziv projekta: Izrada Internet stranice ordinacije dentalne medicine UNLIMITED SMILE<br>Korisni\u010dko ime: PRIVATNA ORDINACIJA DENTALNE MEDICINE SA DENTALNIM LABORATORIJEM RADOSLAV BO\u017dI\u0106, STROSSMAYEROVA 14, 51000 RIJEKA<\/p>\n\n\n\n<p>Ukupna vrijednost projekta: 7.500,00 EUR<br>Ukupni prihvatljivi tro\u0161kovi: 6.000,00 EUR<br>Potpore: 3.000,00 EUR<\/p>\n\n\n\n<p>Svrha projekta je pove\u0107anje konkurentnosti poslovanja Prijavitelja te ja\u010danje otpornosti digitalizacijom poslovanja ulaganjem u novu Internet stranicu. Nove funkcionalnosti Internet stranice osim pobolj\u0161anog dizajna i pregleda sadr\u017eaja, odnose se na bolju optimiziranost iste za pregled na mobilnim ure\u0111ajima, prikaza ve\u0107eg broja preporuka (testimonials), mogu\u0107nost kontaktiranja putem WhatsAppa i Vibera, pove\u0107an broj kontakt formi za upit za to\u010dno odre\u0111enu uslugu, povezivanje Internet stranice sa recenzijama na dru\u0161tvenim mre\u017eama i Google tra\u017eilici.<\/p>\n\n\n\n<p>Sadr\u017eaj \u010dlanka isklju\u010diva je odgovornost korisnika Privatne ordinacije dentalne medicine sa dentalnim laboratorijem Radoslav Bo\u017ei\u0107.<\/p>\n\n\n\n<figure class=\"wp-block-image size-full\"><img loading=\"lazy\" decoding=\"async\" width=\"229\" height=\"161\" src=\"https:\/\/croazia-dentista.it\/wp-content\/uploads\/2024\/12\/ETR-logo.jpg\" alt=\"\" class=\"wp-image-967\"\/><\/figure>\n","protected":false},"excerpt":{"rendered":"<p>\u201eFinancira Europska unija \u2013 NextGenerationEU\u201d Naziv poziva: Vau\u010deri za digitalizaciju, NPOO.C1.1.2. R3.-I2.02. Vau\u010der za digitalni marketingBroj projekta: NPOO.C1.1.2.R3-I2.01-V11.0092Naziv projekta: Izrada Internet stranice ordinacije dentalne medicine UNLIMITED SMILEKorisni\u010dko ime: PRIVATNA ORDINACIJA DENTALNE MEDICINE SA DENTALNIM LABORATORIJEM RADOSLAV BO\u017dI\u0106, STROSSMAYEROVA 14, 51000 RIJEKA Ukupna vrijednost projekta: 7.500,00 EURUkupni prihvatljivi tro\u0161kovi: 6.000,00 EURPotpore: 3.000,00 EUR Svrha projekta je [&hellip;]<\/p>\n","protected":false},"author":1,"featured_media":0,"parent":0,"menu_order":0,"comment_status":"closed","ping_status":"closed","template":"","meta":{"_breakdance_hide_in_design_set":false,"_breakdance_tags":"","footnotes":""},"class_list":["post-1191","page","type-page","status-publish","hentry"],"yoast_head":"<!-- This site is optimized with the Yoast SEO plugin v26.3 - https:\/\/yoast.com\/wordpress\/plugins\/seo\/ -->\n<title>EU projekt - Unlimited Smile<\/title>\n<meta name=\"description\" content=\"Unaprijedili smo poslovanje digitalizacijom! Saznajte vi\u0161e o EU projektu i potpori financiranoj iz NextGenerationEU za novu web stranicu.\" \/>\n<meta name=\"robots\" content=\"index, follow, max-snippet:-1, max-image-preview:large, max-video-preview:-1\" \/>\n<link rel=\"canonical\" href=\"https:\/\/croazia-dentista.it\/hr\/eu-projekt\/\" \/>\n<meta property=\"og:locale\" content=\"hr_HR\" \/>\n<meta property=\"og:type\" content=\"article\" \/>\n<meta property=\"og:title\" content=\"EU projekt - Unlimited Smile\" \/>\n<meta property=\"og:description\" content=\"Unaprijedili smo poslovanje digitalizacijom! Saznajte vi\u0161e o EU projektu i potpori financiranoj iz NextGenerationEU za novu web stranicu.\" \/>\n<meta property=\"og:url\" content=\"https:\/\/croazia-dentista.it\/hr\/eu-projekt\/\" \/>\n<meta property=\"og:site_name\" content=\"Unlimited Smile\" \/>\n<meta property=\"article:modified_time\" content=\"2025-11-03T11:02:03+00:00\" \/>\n<meta property=\"og:image\" content=\"https:\/\/croazia-dentista.it\/wp-content\/uploads\/2024\/11\/EU-logo-1024x289.png\" \/>\n<meta name=\"twitter:card\" content=\"summary_large_image\" \/>\n<meta name=\"twitter:label1\" content=\"Procijenjeno vrijeme \u010ditanja\" \/>\n\t<meta name=\"twitter:data1\" content=\"2 minute\" \/>\n<script type=\"application\/ld+json\" class=\"yoast-schema-graph\">{\"@context\":\"https:\/\/schema.org\",\"@graph\":[{\"@type\":\"WebPage\",\"@id\":\"https:\/\/croazia-dentista.it\/hr\/eu-projekt\/\",\"url\":\"https:\/\/croazia-dentista.it\/hr\/eu-projekt\/\",\"name\":\"EU projekt - Unlimited Smile\",\"isPartOf\":{\"@id\":\"https:\/\/croazia-dentista.it\/hr\/#website\"},\"primaryImageOfPage\":{\"@id\":\"https:\/\/croazia-dentista.it\/hr\/eu-projekt\/#primaryimage\"},\"image\":{\"@id\":\"https:\/\/croazia-dentista.it\/hr\/eu-projekt\/#primaryimage\"},\"thumbnailUrl\":\"https:\/\/croazia-dentista.it\/wp-content\/uploads\/2024\/11\/EU-logo-1024x289.png\",\"datePublished\":\"2024-11-28T10:21:41+00:00\",\"dateModified\":\"2025-11-03T11:02:03+00:00\",\"description\":\"Unaprijedili smo poslovanje digitalizacijom! Saznajte vi\u0161e o EU projektu i potpori financiranoj iz NextGenerationEU za novu web stranicu.\",\"breadcrumb\":{\"@id\":\"https:\/\/croazia-dentista.it\/hr\/eu-projekt\/#breadcrumb\"},\"inLanguage\":\"hr\",\"potentialAction\":[{\"@type\":\"ReadAction\",\"target\":[\"https:\/\/croazia-dentista.it\/hr\/eu-projekt\/\"]}]},{\"@type\":\"ImageObject\",\"inLanguage\":\"hr\",\"@id\":\"https:\/\/croazia-dentista.it\/hr\/eu-projekt\/#primaryimage\",\"url\":\"https:\/\/croazia-dentista.it\/wp-content\/uploads\/2024\/11\/EU-logo-1024x289.png\",\"contentUrl\":\"https:\/\/croazia-dentista.it\/wp-content\/uploads\/2024\/11\/EU-logo-1024x289.png\"},{\"@type\":\"BreadcrumbList\",\"@id\":\"https:\/\/croazia-dentista.it\/hr\/eu-projekt\/#breadcrumb\",\"itemListElement\":[{\"@type\":\"ListItem\",\"position\":1,\"name\":\"Home\",\"item\":\"https:\/\/croazia-dentista.it\/hr\/\"},{\"@type\":\"ListItem\",\"position\":2,\"name\":\"EU projekt\"}]},{\"@type\":\"WebSite\",\"@id\":\"https:\/\/croazia-dentista.it\/hr\/#website\",\"url\":\"https:\/\/croazia-dentista.it\/hr\/\",\"name\":\"Unlimited Smile\",\"description\":\"\",\"potentialAction\":[{\"@type\":\"SearchAction\",\"target\":{\"@type\":\"EntryPoint\",\"urlTemplate\":\"https:\/\/croazia-dentista.it\/hr\/?s={search_term_string}\"},\"query-input\":{\"@type\":\"PropertyValueSpecification\",\"valueRequired\":true,\"valueName\":\"search_term_string\"}}],\"inLanguage\":\"hr\"}]}<\/script>\n<!-- \/ Yoast SEO plugin. -->","yoast_head_json":{"title":"EU projekt - Unlimited Smile","description":"Unaprijedili smo poslovanje digitalizacijom! Saznajte vi\u0161e o EU projektu i potpori financiranoj iz NextGenerationEU za novu web stranicu.","robots":{"index":"index","follow":"follow","max-snippet":"max-snippet:-1","max-image-preview":"max-image-preview:large","max-video-preview":"max-video-preview:-1"},"canonical":"https:\/\/croazia-dentista.it\/hr\/eu-projekt\/","og_locale":"hr_HR","og_type":"article","og_title":"EU projekt - Unlimited Smile","og_description":"Unaprijedili smo poslovanje digitalizacijom! Saznajte vi\u0161e o EU projektu i potpori financiranoj iz NextGenerationEU za novu web stranicu.","og_url":"https:\/\/croazia-dentista.it\/hr\/eu-projekt\/","og_site_name":"Unlimited Smile","article_modified_time":"2025-11-03T11:02:03+00:00","og_image":[{"url":"https:\/\/croazia-dentista.it\/wp-content\/uploads\/2024\/11\/EU-logo-1024x289.png","type":"","width":"","height":""}],"twitter_card":"summary_large_image","twitter_misc":{"Procijenjeno vrijeme \u010ditanja":"2 minute"},"schema":{"@context":"https:\/\/schema.org","@graph":[{"@type":"WebPage","@id":"https:\/\/croazia-dentista.it\/hr\/eu-projekt\/","url":"https:\/\/croazia-dentista.it\/hr\/eu-projekt\/","name":"EU projekt - Unlimited Smile","isPartOf":{"@id":"https:\/\/croazia-dentista.it\/hr\/#website"},"primaryImageOfPage":{"@id":"https:\/\/croazia-dentista.it\/hr\/eu-projekt\/#primaryimage"},"image":{"@id":"https:\/\/croazia-dentista.it\/hr\/eu-projekt\/#primaryimage"},"thumbnailUrl":"https:\/\/croazia-dentista.it\/wp-content\/uploads\/2024\/11\/EU-logo-1024x289.png","datePublished":"2024-11-28T10:21:41+00:00","dateModified":"2025-11-03T11:02:03+00:00","description":"Unaprijedili smo poslovanje digitalizacijom! Saznajte vi\u0161e o EU projektu i potpori financiranoj iz NextGenerationEU za novu web stranicu.","breadcrumb":{"@id":"https:\/\/croazia-dentista.it\/hr\/eu-projekt\/#breadcrumb"},"inLanguage":"hr","potentialAction":[{"@type":"ReadAction","target":["https:\/\/croazia-dentista.it\/hr\/eu-projekt\/"]}]},{"@type":"ImageObject","inLanguage":"hr","@id":"https:\/\/croazia-dentista.it\/hr\/eu-projekt\/#primaryimage","url":"https:\/\/croazia-dentista.it\/wp-content\/uploads\/2024\/11\/EU-logo-1024x289.png","contentUrl":"https:\/\/croazia-dentista.it\/wp-content\/uploads\/2024\/11\/EU-logo-1024x289.png"},{"@type":"BreadcrumbList","@id":"https:\/\/croazia-dentista.it\/hr\/eu-projekt\/#breadcrumb","itemListElement":[{"@type":"ListItem","position":1,"name":"Home","item":"https:\/\/croazia-dentista.it\/hr\/"},{"@type":"ListItem","position":2,"name":"EU projekt"}]},{"@type":"WebSite","@id":"https:\/\/croazia-dentista.it\/hr\/#website","url":"https:\/\/croazia-dentista.it\/hr\/","name":"Unlimited Smile","description":"","potentialAction":[{"@type":"SearchAction","target":{"@type":"EntryPoint","urlTemplate":"https:\/\/croazia-dentista.it\/hr\/?s={search_term_string}"},"query-input":{"@type":"PropertyValueSpecification","valueRequired":true,"valueName":"search_term_string"}}],"inLanguage":"hr"}]}},"_links":{"self":[{"href":"https:\/\/croazia-dentista.it\/hr\/wp-json\/wp\/v2\/pages\/1191","targetHints":{"allow":["GET"]}}],"collection":[{"href":"https:\/\/croazia-dentista.it\/hr\/wp-json\/wp\/v2\/pages"}],"about":[{"href":"https:\/\/croazia-dentista.it\/hr\/wp-json\/wp\/v2\/types\/page"}],"author":[{"embeddable":true,"href":"https:\/\/croazia-dentista.it\/hr\/wp-json\/wp\/v2\/users\/1"}],"replies":[{"embeddable":true,"href":"https:\/\/croazia-dentista.it\/hr\/wp-json\/wp\/v2\/comments?post=1191"}],"version-history":[{"count":1,"href":"https:\/\/croazia-dentista.it\/hr\/wp-json\/wp\/v2\/pages\/1191\/revisions"}],"predecessor-version":[{"id":1417,"href":"https:\/\/croazia-dentista.it\/hr\/wp-json\/wp\/v2\/pages\/1191\/revisions\/1417"}],"wp:attachment":[{"href":"https:\/\/croazia-dentista.it\/hr\/wp-json\/wp\/v2\/media?parent=1191"}],"curies":[{"name":"wp","href":"https:\/\/api.w.org\/{rel}","templated":true}]}}